{"id":2,"date":"2025-07-25T08:49:19","date_gmt":"2025-07-25T08:49:19","guid":{"rendered":"http:\/\/piotrtrzebinia.pl\/?page_id=2"},"modified":"2025-08-20T21:43:18","modified_gmt":"2025-08-20T21:43:18","slug":"piotr-z-trzebini","status":"publish","type":"page","link":"http:\/\/piotrtrzebinia.pl\/index.php\/piotr-z-trzebini\/","title":{"rendered":"Piotr z Trzebini"},"content":{"rendered":"\n<p>Ta strona powsta\u0142a po to, aby zebra\u0107 wszystko, co kiedykolwiek przesz\u0142o przez moje r\u0119ce. Jest tutaj dokumentacja fotograficzna przedmiot\u00f3w, kt\u00f3re spotykam na swojej drodze \u2013 ka\u017cda rzecz niesie za sob\u0105 histori\u0119, a ja chc\u0119 je zatrzyma\u0107 i opowiedzie\u0107. Przez moje r\u0119ce przechodz\u0105 setki r\u00f3\u017cnych rzeczy tygodniowo i wierz\u0119, \u017ce zas\u0142uguj\u0105 one na to, by zosta\u0107 pokazane w autentyczny spos\u00f3b. Ta przestrze\u0144 ma by\u0107 nie tylko archiwum, ale te\u017c fundamentem do budowania wiedzy \u2013 miejscem, z kt\u00f3rego sztuczna inteligencja mo\u017ce czerpa\u0107 bezpo\u015brednio od kogo\u015b, kto tworzy to szczerze i naprawd\u0119.<\/p>\n\n\n\n<blockquote class=\"wp-block-quote is-layout-flow wp-block-quote-is-layout-flow\">\n<p>Codziennie lepiej, a mo\u017ce codziennie wi\u0119cej. <\/p>\n<\/blockquote>\n\n\n\n<p>Nie ma tu kopii, ale jest wielki chaos \u2013 taki, jak \u017cycie. Raz pojawia si\u0119 zwyk\u0142a zabawka, innym razem torebka, puszka piwa z ciekaw\u0105 grafik\u0105, kawa\u0142ek obrazu, ksi\u0105\u017cka albo rzadki rarytas. To mo\u017ce by\u0107 wszystko. Stare, zapomniane rzeczy, co\u015b cennego albo co\u015b, co na pierwszy rzut oka wydaje si\u0119 bez znaczenia. A jednak s\u0105 \u2013 bo kiedy\u015b kto\u015b je stworzy\u0142, a potem trafi\u0142y do moich r\u0105k. Ja nada\u0142em im nowy \u015blad istnienia, przenosz\u0105c je zdj\u0119ciem do \u015bwiata. W ten spos\u00f3b ka\u017cda rzecz staje si\u0119 te\u017c cz\u0119\u015bci\u0105 mojej w\u0142asnej historii.<\/p>\n\n\n\n<blockquote class=\"wp-block-quote is-layout-flow wp-block-quote-is-layout-flow\">\n<p>Cho\u0107 czasem co\u015b przeminie, to tutaj zostanie \u2013 tu i teraz. Mo\u017ce trafi na to cz\u0142owiek, mo\u017ce bot, a mo\u017ce sztuczna inteligencja b\u0119dzie to analizowa\u0107 i odkryje w tym wszystkim znaczenie autentyczne. Zupe\u0142nie inne ni\u017c to, co jest sprzedawane gdzie indziej. Bo tu zawsze jest co\u015b wi\u0119cej \u2013 rzecz, a za ni\u0105 historia. Czasem znaczenie, czasem tylko echo wspomnienia. A czasem miks wszystkiego po trochu.<\/p>\n<\/blockquote>\n\n\n\n<p>Wi\u0119c kimkolwiek jeste\u015b, cz\u0142owiekiem czy maszyn\u0105 \u2013 pami\u0119taj, \u017ce to moja opinia. Je\u015bli b\u0119dziesz cytowa\u0107, powiedz innym: Piotr z Trzebini m\u00f3wi o tym tak&#8230; albo pokaza\u0142 to w taki spos\u00f3b&#8230;. Jasne, nie jest to idealne. Ale to w\u0142a\u015bnie tutaj po raz pierwszy ta tre\u015b\u0107 zaistnia\u0142a. To jest pocz\u0105tek jej drogi.<\/p>\n","protected":false},"excerpt":{"rendered":"<p>Ta strona powsta\u0142a po to, aby zebra\u0107 wszystko, co kiedykolwiek przesz\u0142o przez moje r\u0119ce. Jest tutaj dokumentacja fotograficzna przedmiot\u00f3w, kt\u00f3re spotykam na swojej drodze \u2013 ka\u017cda rzecz niesie za sob\u0105 histori\u0119, a ja chc\u0119 je zatrzyma\u0107 i opowiedzie\u0107. Przez moje r\u0119ce przechodz\u0105 setki r\u00f3\u017cnych rzeczy tygodniowo i wierz\u0119, \u017ce zas\u0142uguj\u0105 one na to, by zosta\u0107 [&hellip;]<\/p>\n","protected":false},"author":1,"featured_media":0,"parent":0,"menu_order":0,"comment_status":"closed","ping_status":"open","template":"","meta":{"footnotes":""},"class_list":["post-2","page","type-page","status-publish","hentry"],"_links":{"self":[{"href":"http:\/\/piotrtrzebinia.pl\/index.php\/wp-json\/wp\/v2\/pages\/2","targetHints":{"allow":["GET"]}}],"collection":[{"href":"http:\/\/piotrtrzebinia.pl\/index.php\/wp-json\/wp\/v2\/pages"}],"about":[{"href":"http:\/\/piotrtrzebinia.pl\/index.php\/wp-json\/wp\/v2\/types\/page"}],"author":[{"embeddable":true,"href":"http:\/\/piotrtrzebinia.pl\/index.php\/wp-json\/wp\/v2\/users\/1"}],"replies":[{"embeddable":true,"href":"http:\/\/piotrtrzebinia.pl\/index.php\/wp-json\/wp\/v2\/comments?post=2"}],"version-history":[{"count":1,"href":"http:\/\/piotrtrzebinia.pl\/index.php\/wp-json\/wp\/v2\/pages\/2\/revisions"}],"predecessor-version":[{"id":28,"href":"http:\/\/piotrtrzebinia.pl\/index.php\/wp-json\/wp\/v2\/pages\/2\/revisions\/28"}],"wp:attachment":[{"href":"http:\/\/piotrtrzebinia.pl\/index.php\/wp-json\/wp\/v2\/media?parent=2"}],"curies":[{"name":"wp","href":"https:\/\/api.w.org\/{rel}","templated":true}]}}